{"id":518,"date":"2025-07-24T05:38:18","date_gmt":"2025-07-24T05:38:18","guid":{"rendered":"https:\/\/revacy-project.eu\/politika-zasebnosti\/"},"modified":"2025-08-25T10:12:00","modified_gmt":"2025-08-25T10:12:00","slug":"politika-zasebnosti","status":"publish","type":"page","link":"https:\/\/revacy-project.eu\/sl\/politika-zasebnosti\/","title":{"rendered":"Politika zasebnosti"},"content":{"rendered":"\t\t<div data-elementor-type=\"wp-page\" data-elementor-id=\"518\" class=\"elementor elementor-518 elementor-429\" data-elementor-post-type=\"page\">\n\t\t\t\t<div class=\"elementor-element elementor-element-050f1f9 e-flex e-con-boxed e-con e-parent\" data-id=\"050f1f9\" data-element_type=\"container\" data-e-type=\"container\" data-settings=\"{&quot;background_background&quot;:&quot;classic&quot;}\">\n\t\t\t\t\t<div class=\"e-con-inner\">\n\t\t\t\t\t<\/div>\n\t\t\t\t<\/div>\n\t\t<div data-dce-background-overlay-image-url=\"https:\/\/revacy-project.eu\/wp-content\/uploads\/2025\/07\/newsletterbg.svg\" class=\"elementor-element elementor-element-193bdc0 e-flex e-con-boxed e-con e-parent\" data-id=\"193bdc0\" data-element_type=\"container\" data-e-type=\"container\" data-settings=\"{&quot;background_background&quot;:&quot;classic&quot;}\">\n\t\t\t\t\t<div class=\"e-con-inner\">\n\t\t\t\t\t<\/div>\n\t\t\t\t<\/div>\n\t\t<div class=\"elementor-element elementor-element-f7ab294 e-flex e-con-boxed e-con e-parent\" data-id=\"f7ab294\" data-element_type=\"container\" data-e-type=\"container\">\n\t\t\t\t\t<div class=\"e-con-inner\">\n\t\t\t\t<div class=\"elementor-element elementor-element-34bcf10 elementor-widget elementor-widget-text-editor\" data-id=\"34bcf10\" data-element_type=\"widget\" data-e-type=\"widget\" data-widget_type=\"text-editor.default\">\n\t\t\t\t\t\t\t\t\t<p>V ReVaCy zelo resno jemljemo varstvo va\u0161ih osebnih podatkov. Na\u0161 namen je varovati zasebnost podatkov, ki nam jih posredujete, in upo\u0161tevati veljavne predpise o varstvu osebnih podatkov. <\/p><p>V skladu z zakonom 3\/2018 z dne 5. decembra 2018 o varstvu osebnih podatkov in zagotavljanju digitalnih pravic, ki prena\u0161a Uredbo (EU) 2016\/679, vam sporo\u010damo naslednje informacije o na\u0161i politiki zasebnosti in varstva podatkov:<\/p>\t\t\t\t\t\t\t\t<\/div>\n\t\t\t\t<div class=\"elementor-element elementor-element-90d3845 elementor-widget elementor-widget-heading\" data-id=\"90d3845\" data-element_type=\"widget\" data-e-type=\"widget\" data-widget_type=\"heading.default\">\n\t\t\t\t\t<h2 class=\"elementor-heading-title elementor-size-default\">Kdo je upravitelj obdelave va\u0161ih podatkov?<\/h2>\t\t\t\t<\/div>\n\t\t\t\t<div class=\"elementor-element elementor-element-9441e99 elementor-widget elementor-widget-text-editor\" data-id=\"9441e99\" data-element_type=\"widget\" data-e-type=\"widget\" data-widget_type=\"text-editor.default\">\n\t\t\t\t\t\t\t\t\t<p>Organizacija, odgovorna za va\u0161e podatke je <strong>Institut f\u00fcr L\u00e4ndliche Strukturforschung e.V.<\/strong> To je izobra\u017eevalni center, ki se nahaja v <strong><span lang=\"EN-GB\">Frankfurt, Germany<\/span><\/strong>.<\/p>\t\t\t\t\t\t\t\t<\/div>\n\t\t\t\t\t<\/div>\n\t\t\t\t<\/div>\n\t\t<div class=\"elementor-element elementor-element-47eea79 e-flex e-con-boxed e-con e-parent\" data-id=\"47eea79\" data-element_type=\"container\" data-e-type=\"container\" data-settings=\"{&quot;background_background&quot;:&quot;classic&quot;}\">\n\t\t\t\t\t<div class=\"e-con-inner\">\n\t\t<div class=\"elementor-element elementor-element-67b8c9b e-con-full e-flex e-con e-child\" data-id=\"67b8c9b\" data-element_type=\"container\" data-e-type=\"container\">\n\t\t<div class=\"elementor-element elementor-element-13f8868 e-con-full e-flex e-con e-child\" data-id=\"13f8868\" data-element_type=\"container\" data-e-type=\"container\" data-settings=\"{&quot;background_background&quot;:&quot;classic&quot;}\">\n\t\t\t\t<div class=\"elementor-element elementor-element-b09aff1 elementor-widget__width-initial elementor-widget-mobile__width-inherit elementor-widget elementor-widget-heading\" data-id=\"b09aff1\" data-element_type=\"widget\" data-e-type=\"widget\" data-widget_type=\"heading.default\">\n\t\t\t\t\t<div class=\"elementor-heading-title elementor-size-default\">Naslov<\/div>\t\t\t\t<\/div>\n\t\t\t\t<div class=\"elementor-element elementor-element-8914565 elementor-widget__width-initial elementor-widget-mobile__width-inherit elementor-widget elementor-widget-heading\" data-id=\"8914565\" data-element_type=\"widget\" data-e-type=\"widget\" data-widget_type=\"heading.default\">\n\t\t\t\t\t<div class=\"elementor-heading-title elementor-size-default\">Kurf\u00fcrstenstr. 49<\/div>\t\t\t\t<\/div>\n\t\t\t\t<\/div>\n\t\t<div class=\"elementor-element elementor-element-6cbf270 e-con-full e-flex e-con e-child\" data-id=\"6cbf270\" data-element_type=\"container\" data-e-type=\"container\" data-settings=\"{&quot;background_background&quot;:&quot;classic&quot;}\">\n\t\t\t\t<div class=\"elementor-element elementor-element-3f9b716 elementor-widget__width-initial elementor-widget-mobile__width-inherit elementor-widget elementor-widget-heading\" data-id=\"3f9b716\" data-element_type=\"widget\" data-e-type=\"widget\" data-widget_type=\"heading.default\">\n\t\t\t\t\t<div class=\"elementor-heading-title elementor-size-default\">E-naslov<\/div>\t\t\t\t<\/div>\n\t\t\t\t<div class=\"elementor-element elementor-element-bfb263d elementor-widget__width-initial elementor-widget-mobile__width-inherit elementor-widget elementor-widget-heading\" data-id=\"bfb263d\" data-element_type=\"widget\" data-e-type=\"widget\" data-widget_type=\"heading.default\">\n\t\t\t\t\t<div class=\"elementor-heading-title elementor-size-default\"><a href=\"mailto:office@ifls.de\">office@ifls.de<\/a><\/div>\t\t\t\t<\/div>\n\t\t\t\t<\/div>\n\t\t<div class=\"elementor-element elementor-element-24c64c3 e-con-full e-flex e-con e-child\" data-id=\"24c64c3\" data-element_type=\"container\" data-e-type=\"container\" data-settings=\"{&quot;background_background&quot;:&quot;classic&quot;}\">\n\t\t\t\t<div class=\"elementor-element elementor-element-01add6d elementor-widget__width-initial elementor-widget-mobile__width-inherit elementor-widget elementor-widget-heading\" data-id=\"01add6d\" data-element_type=\"widget\" data-e-type=\"widget\" data-widget_type=\"heading.default\">\n\t\t\t\t\t<div class=\"elementor-heading-title elementor-size-default\">Telefon<\/div>\t\t\t\t<\/div>\n\t\t\t\t<div class=\"elementor-element elementor-element-35f30c2 elementor-widget__width-initial elementor-widget-mobile__width-inherit elementor-widget elementor-widget-heading\" data-id=\"35f30c2\" data-element_type=\"widget\" data-e-type=\"widget\" data-widget_type=\"heading.default\">\n\t\t\t\t\t<div class=\"elementor-heading-title elementor-size-default\">+49 (0)69 \/ 9726 683-10<\/div>\t\t\t\t<\/div>\n\t\t\t\t<\/div>\n\t\t\t\t<\/div>\n\t\t\t\t<div class=\"elementor-element elementor-element-18d5422 elementor-widget elementor-widget-heading\" data-id=\"18d5422\" data-element_type=\"widget\" data-e-type=\"widget\" data-widget_type=\"heading.default\">\n\t\t\t\t\t<h2 class=\"elementor-heading-title elementor-size-default\">Kak\u0161en je namen obdelave?<\/h2>\t\t\t\t<\/div>\n\t\t\t\t<div class=\"elementor-element elementor-element-4518ba2 elementor-widget elementor-widget-text-editor\" data-id=\"4518ba2\" data-element_type=\"widget\" data-e-type=\"widget\" data-widget_type=\"text-editor.default\">\n\t\t\t\t\t\t\t\t\t<ul><li><span data-sheets-root=\"1\">Za odzivanje na zahteve, prito\u017ebe in incidente, posredovane prek na\u0161ih kontaktnih kanalov, vklju\u010denih v spletno mesto.<\/span><\/li><li><span data-sheets-root=\"1\">Za razumevanje obna\u0161anja navigatorja v spletu, da bi odkrili morebitne ra\u010dunalni\u0161ke napade na na\u0161 splet.<\/span><\/li><li><span data-sheets-root=\"1\">Izpolnjevanje zakonskih obveznosti, ki neposredno veljajo za nas in urejajo na\u0161o dejavnost.<\/span><\/li><li><span data-sheets-root=\"1\">Izpolnjevanje zakonskih obveznosti, ki neposredno veljajo za nas in urejajo na\u0161o dejavnost.<\/span><\/li><li><span data-sheets-root=\"1\">Po\u0161iljanje novic v zvezi z blagom ali storitvami, ki sestavljajo dejavnost odgovorne osebe, ali novic, povezanih z njeno dejavnostjo.<\/span><\/li><\/ul>\t\t\t\t\t\t\t\t<\/div>\n\t\t\t\t\t<\/div>\n\t\t\t\t<\/div>\n\t\t<div class=\"elementor-element elementor-element-4cc0ec2 e-flex e-con-boxed e-con e-parent\" data-id=\"4cc0ec2\" data-element_type=\"container\" data-e-type=\"container\">\n\t\t\t\t\t<div class=\"e-con-inner\">\n\t\t\t\t<div class=\"elementor-element elementor-element-aaa0085 elementor-widget elementor-widget-heading\" data-id=\"aaa0085\" data-element_type=\"widget\" data-e-type=\"widget\" data-widget_type=\"heading.default\">\n\t\t\t\t\t<h2 class=\"elementor-heading-title elementor-size-default\">Kak\u0161na je pravna podlaga za obdelavo?<\/h2>\t\t\t\t<\/div>\n\t\t\t\t<div class=\"elementor-element elementor-element-0f65e2c elementor-widget elementor-widget-text-editor\" data-id=\"0f65e2c\" data-element_type=\"widget\" data-e-type=\"widget\" data-widget_type=\"text-editor.default\">\n\t\t\t\t\t\t\t\t\t<p>Pravna podlaga za obdelavo va\u0161ih podatkov je privolitev posameznika, na katerega se nana\u0161ajo osebni podatki, v skladu s \u010dlenom 6.1 a) Uredbe ter zakoniti interes upravljavca podatkov v skladu s \u010dlenom 6.1 f) Uredbe.<\/p><p>Podatki, ki jih zahtevamo od vas, so ustrezni, relevantni in nujno potrebni ter nam jih v nobenem primeru niste dol\u017eni posredovati, vendar lahko njihovo nesporo\u010danje vpliva na namen storitve ali nezmo\u017enost njenega zagotavljanja.<\/p>\t\t\t\t\t\t\t\t<\/div>\n\t\t\t\t<div class=\"elementor-element elementor-element-70defa6 elementor-widget elementor-widget-heading\" data-id=\"70defa6\" data-element_type=\"widget\" data-e-type=\"widget\" data-widget_type=\"heading.default\">\n\t\t\t\t\t<h2 class=\"elementor-heading-title elementor-size-default\">Koliko \u010dasa hranimo va\u0161e podatke?<\/h2>\t\t\t\t<\/div>\n\t\t\t\t<div class=\"elementor-element elementor-element-72c8561 elementor-widget elementor-widget-text-editor\" data-id=\"72c8561\" data-element_type=\"widget\" data-e-type=\"widget\" data-widget_type=\"text-editor.default\">\n\t\t\t\t\t\t\t\t\t<p>Va\u0161e podatke bomo hranili toliko \u010dasa, kolikor je potrebno za pravilno zagotavljanje ponujene storitve, izpolnjevanje obveznosti, ki lahko iz tega izhajajo, in vseh drugih zakonskih zahtev.<\/p>\t\t\t\t\t\t\t\t<\/div>\n\t\t\t\t\t<\/div>\n\t\t\t\t<\/div>\n\t\t<div class=\"elementor-element elementor-element-93bb61f e-flex e-con-boxed e-con e-parent\" data-id=\"93bb61f\" data-element_type=\"container\" data-e-type=\"container\" data-settings=\"{&quot;background_background&quot;:&quot;classic&quot;}\">\n\t\t\t\t\t<div class=\"e-con-inner\">\n\t\t\t\t<div class=\"elementor-element elementor-element-c0a1a5c elementor-widget elementor-widget-heading\" data-id=\"c0a1a5c\" data-element_type=\"widget\" data-e-type=\"widget\" data-widget_type=\"heading.default\">\n\t\t\t\t\t<h2 class=\"elementor-heading-title elementor-size-default\">Kateri prejemniki bodo prejeli va\u0161e podatke?<\/h2>\t\t\t\t<\/div>\n\t\t\t\t<div class=\"elementor-element elementor-element-f5267d4 elementor-widget elementor-widget-text-editor\" data-id=\"f5267d4\" data-element_type=\"widget\" data-e-type=\"widget\" data-widget_type=\"text-editor.default\">\n\t\t\t\t\t\t\t\t\t<p><strong>Institut f\u00fcr L\u00e4ndliche Strukturforschung e.V.<\/strong> lahko pri obdelavi va\u0161ih podatkov va\u0161e podatke deli z:<\/p><p>On Projects Advising SL kot ponudniki storitev upravljanja in vzdr\u017eevanja spletnih strani.<\/p>\t\t\t\t\t\t\t\t<\/div>\n\t\t\t\t<div class=\"elementor-element elementor-element-e4cc37a elementor-widget elementor-widget-heading\" data-id=\"e4cc37a\" data-element_type=\"widget\" data-e-type=\"widget\" data-widget_type=\"heading.default\">\n\t\t\t\t\t<h2 class=\"elementor-heading-title elementor-size-default\">Katere so moje pravice?<\/h2>\t\t\t\t<\/div>\n\t\t\t\t<div class=\"elementor-element elementor-element-af1fa97 elementor-widget elementor-widget-text-editor\" data-id=\"af1fa97\" data-element_type=\"widget\" data-e-type=\"widget\" data-widget_type=\"text-editor.default\">\n\t\t\t\t\t\t\t\t\t<ul><li><span data-sheets-root=\"1\">Pravica do dostopa: pravica do potrditve, ali se osebni podatki obdelujejo in pravica do dostopa do teh podatkov.<\/span><\/li><li><span data-sheets-root=\"1\">Pravica do popravka osebnih podatkov.<\/span><\/li><li><span data-sheets-root=\"1\">Pravica do izbrisa.<\/span><\/li><li><span data-sheets-root=\"1\">Pravica do omejitve obdelave.<\/span><\/li><li><span data-sheets-root=\"1\">Pravica do prenosljivosti podatkov.<\/span><\/li><li><span data-sheets-root=\"1\">Pravica do ugovora: pravica do ugovora obdelave podatkov.<\/span><\/li><\/ul>\t\t\t\t\t\t\t\t<\/div>\n\t\t\t\t<div class=\"elementor-element elementor-element-c73629c elementor-widget elementor-widget-text-editor\" data-id=\"c73629c\" data-element_type=\"widget\" data-e-type=\"widget\" data-widget_type=\"text-editor.default\">\n\t\t\t\t\t\t\t\t\t<p>Upravljavec obdr\u017ei pravico, da omeji pravice iz \u010dlena 23 Uredbe EU, \u010de je taka omejitev potrebna za za\u0161\u010dito zlasti temeljnih pravic in svobo\u0161\u010din ter je nujen in sorazmeren ukrep.<\/p>\t\t\t\t\t\t\t\t<\/div>\n\t\t\t\t\t<\/div>\n\t\t\t\t<\/div>\n\t\t<div class=\"elementor-element elementor-element-c497b95 e-flex e-con-boxed e-con e-parent\" data-id=\"c497b95\" data-element_type=\"container\" data-e-type=\"container\">\n\t\t\t\t\t<div class=\"e-con-inner\">\n\t\t\t\t<div class=\"elementor-element elementor-element-3372779 elementor-widget elementor-widget-heading\" data-id=\"3372779\" data-element_type=\"widget\" data-e-type=\"widget\" data-widget_type=\"heading.default\">\n\t\t\t\t\t<h2 class=\"elementor-heading-title elementor-size-default\">Kje lahko vlo\u017eim prito\u017ebo?<\/h2>\t\t\t\t<\/div>\n\t\t\t\t<div class=\"elementor-element elementor-element-1c6845d elementor-widget elementor-widget-text-editor\" data-id=\"1c6845d\" data-element_type=\"widget\" data-e-type=\"widget\" data-widget_type=\"text-editor.default\">\n\t\t\t\t\t\t\t\t\t<p>\u010ce katera koli zainteresirana stranka meni, da se njeni podatki ne obdelujejo pravilno, lahko svoje prito\u017ebe po\u0161lje na naslednji e-po\u0161tni naslov; <span lang=\"EN-GB\"><a href=\"mailto:mathias@ifls.de\">mathias@ifls.de<\/a><\/span><\/p><p>Posameznik, na katerega se nana\u0161ajo osebni podatki, izjavlja, da je pridobil vse te informacije.<\/p>\t\t\t\t\t\t\t\t<\/div>\n\t\t\t\t\t<\/div>\n\t\t\t\t<\/div>\n\t\t\t\t<\/div>\n\t\t","protected":false},"excerpt":{"rendered":"<p>V ReVaCy zelo resno jemljemo varstvo va\u0161ih osebnih podatkov. Na\u0161 namen je varovati zasebnost podatkov, ki nam jih posredujete, in upo\u0161tevati veljavne predpise o varstvu osebnih podatkov. V skladu z zakonom 3\/2018 z dne 5. decembra 2018 o varstvu osebnih podatkov in zagotavljanju digitalnih pravic, ki prena\u0161a Uredbo (EU) 2016\/679, vam sporo\u010damo naslednje informacije o [&hellip;]<\/p>\n","protected":false},"author":1,"featured_media":0,"parent":0,"menu_order":0,"comment_status":"closed","ping_status":"closed","template":"elementor_header_footer","meta":{"_acf_changed":false,"footnotes":""},"class_list":["post-518","page","type-page","status-publish","hentry"],"acf":[],"_links":{"self":[{"href":"https:\/\/revacy-project.eu\/sl\/wp-json\/wp\/v2\/pages\/518","targetHints":{"allow":["GET"]}}],"collection":[{"href":"https:\/\/revacy-project.eu\/sl\/wp-json\/wp\/v2\/pages"}],"about":[{"href":"https:\/\/revacy-project.eu\/sl\/wp-json\/wp\/v2\/types\/page"}],"author":[{"embeddable":true,"href":"https:\/\/revacy-project.eu\/sl\/wp-json\/wp\/v2\/users\/1"}],"replies":[{"embeddable":true,"href":"https:\/\/revacy-project.eu\/sl\/wp-json\/wp\/v2\/comments?post=518"}],"version-history":[{"count":1,"href":"https:\/\/revacy-project.eu\/sl\/wp-json\/wp\/v2\/pages\/518\/revisions"}],"predecessor-version":[{"id":519,"href":"https:\/\/revacy-project.eu\/sl\/wp-json\/wp\/v2\/pages\/518\/revisions\/519"}],"wp:attachment":[{"href":"https:\/\/revacy-project.eu\/sl\/wp-json\/wp\/v2\/media?parent=518"}],"curies":[{"name":"wp","href":"https:\/\/api.w.org\/{rel}","templated":true}]}}